{"id":104,"date":"2021-06-01T17:30:43","date_gmt":"2021-06-01T15:30:43","guid":{"rendered":"http:\/\/gsoptic.fr\/?page_id=104"},"modified":"2024-06-03T15:34:55","modified_gmt":"2024-06-03T13:34:55","slug":"accueil","status":"publish","type":"page","link":"https:\/\/gsoptic.fr\/","title":{"rendered":"Accueil"},"content":{"rendered":"<div class=\"n2-section-smartslider fitvidsignore  n2_clear\" data-ssid=\"4\" tabindex=\"0\" role=\"region\" aria-label=\"Slider\"><div id=\"n2-ss-4-align\" class=\"n2-ss-align\"><div class=\"n2-padding\"><div id=\"n2-ss-4\" data-creator=\"Smart Slider 3\" data-responsive=\"auto\" class=\"n2-ss-slider n2-ow n2-has-hover n2notransition  \">\n\n\n\n\n\n\n\n\n\n\n\n\n\n\n\n\n\n\n\n\n\n<div class=\"n2-ss-slider-wrapper-inside\">\n        <div class=\"n2-ss-slider-1 n2_ss__touch_element n2-ow\">\n            <div class=\"n2-ss-slider-2 n2-ow\">\n                                                <div class=\"n2-ss-slider-3 n2-ow\">\n\n                    <div class=\"n2-ss-slide-backgrounds n2-ow-all\"><div class=\"n2-ss-slide-background\" data-public-id=\"1\" data-mode=\"blurfit\"><div class=\"n2-ss-slide-background-image\" data-blur=\"0\" data-opacity=\"100\" data-x=\"50\" data-y=\"50\" data-alt=\"\" data-title=\"\" style=\"margin:-14px;padding:14px\" data-globalblur=\"7\" data-bgblur=\"7\"><picture style=\"filter:blur(7px)\" class=\"skip-lazy\" data-skip-lazy=\"1\"><img src=\"\/\/gsoptic.fr\/wp-content\/uploads\/2021\/06\/IMG_5592.jpg\" alt=\"\" title=\"\" loading=\"lazy\" class=\"skip-lazy\" data-skip-lazy=\"1\"><\/picture><\/div><div class=\"n2-ss-slide-background-image\" data-blur=\"0\" data-opacity=\"100\" data-x=\"50\" data-y=\"50\" data-alt=\"\" data-title=\"\"><picture class=\"skip-lazy\" data-skip-lazy=\"1\"><img src=\"\/\/gsoptic.fr\/wp-content\/uploads\/2021\/06\/IMG_5592.jpg\" alt=\"\" title=\"\" loading=\"lazy\" class=\"skip-lazy\" data-skip-lazy=\"1\"><\/picture><\/div><div data-color=\"RGBA(255,255,255,0)\" style=\"background-color: RGBA(255,255,255,0);\" class=\"n2-ss-slide-background-color\"><\/div><\/div><div class=\"n2-ss-slide-background\" data-public-id=\"2\" data-mode=\"blurfit\" aria-hidden=\"true\"><div class=\"n2-ss-slide-background-image\" data-blur=\"0\" data-opacity=\"100\" data-x=\"50\" data-y=\"50\" data-alt=\"\" data-title=\"\" style=\"margin:-14px;padding:14px\" data-globalblur=\"7\" data-bgblur=\"7\"><picture style=\"filter:blur(7px)\" class=\"skip-lazy\" data-skip-lazy=\"1\"><img src=\"\/\/gsoptic.fr\/wp-content\/uploads\/2024\/06\/thumbnail_IMG_4440.jpg\" alt=\"\" title=\"\" loading=\"lazy\" class=\"skip-lazy\" data-skip-lazy=\"1\"><\/picture><\/div><div class=\"n2-ss-slide-background-image\" data-blur=\"0\" data-opacity=\"100\" data-x=\"50\" data-y=\"50\" data-alt=\"\" data-title=\"\"><picture class=\"skip-lazy\" data-skip-lazy=\"1\"><img src=\"\/\/gsoptic.fr\/wp-content\/uploads\/2024\/06\/thumbnail_IMG_4440.jpg\" alt=\"\" title=\"\" loading=\"lazy\" class=\"skip-lazy\" data-skip-lazy=\"1\"><\/picture><\/div><div data-color=\"RGBA(255,255,255,0)\" style=\"background-color: RGBA(255,255,255,0);\" class=\"n2-ss-slide-background-color\"><\/div><\/div><\/div>                    <div class=\"n2-ss-slider-4 n2-ow\">\n                        <svg xmlns=\"http:\/\/www.w3.org\/2000\/svg\" viewBox=\"0 0 1200 400\" data-related-device=\"desktopPortrait\" class=\"n2-ow n2-ss-preserve-size n2-ss-preserve-size--slider n2-ss-slide-limiter\"><\/svg><div data-first=\"1\" data-slide-duration=\"0\" data-id=\"21\" data-slide-public-id=\"1\" data-title=\"- GS Optic Paris Belleville -\" data-haslink=\"1\" data-href=\"http:\/\/gsoptic.fr\/index.php\/paris-belleville\/\" tabindex=\"0\" role=\"button\" data-n2click=\"url\" data-force-pointer=\"\" class=\"n2-ss-slide n2-ow  n2-ss-slide-21\"><div role=\"note\" class=\"n2-ss-slide--focus\">&#8211; GS Optic Paris Belleville &#8211;<\/div><div class=\"n2-ss-layers-container n2-ss-slide-limiter n2-ow\"><div class=\"n2-ss-layer n2-ow n-uc-eJh3NT081def\" data-sstype=\"slide\" data-pm=\"default\"><\/div><\/div><\/div><div data-slide-duration=\"0\" data-id=\"22\" data-slide-public-id=\"2\" aria-hidden=\"true\" data-title=\"- GS Optic Montreuil la Boissi\u00e8re -\" data-haslink=\"1\" data-href=\"http:\/\/gsoptic.fr\/index.php\/montreuil\/\" tabindex=\"0\" role=\"button\" data-n2click=\"url\" data-force-pointer=\"\" class=\"n2-ss-slide n2-ow  n2-ss-slide-22\"><div role=\"note\" class=\"n2-ss-slide--focus\">&#8211; GS Optic Montreuil la Boissi\u00e8re &#8211;<\/div><div class=\"n2-ss-layers-container n2-ss-slide-limiter n2-ow\"><div class=\"n2-ss-layer n2-ow n-uc-oQ1pS6NtGZX6\" data-sstype=\"slide\" data-pm=\"default\"><\/div><\/div><\/div>                    <\/div>\n\n                                    <\/div>\n            <\/div>\n        <\/div>\n        <div class=\"n2-ss-slider-controls n2-ss-slider-controls-absolute-left-center\"><div style=\"--widget-offset:15px;\" class=\"n2-ss-widget n2-style-6679a19c901d61fb802720533bbad114-heading nextend-arrow n2-ow-all nextend-arrow-previous  nextend-arrow-animated-fade\" data-hide-mobileportrait=\"1\" id=\"n2-ss-4-arrow-previous\" role=\"button\" aria-label=\"previous arrow\" tabindex=\"0\"><img loading=\"lazy\" width=\"32\" height=\"32\" class=\"skip-lazy\" data-skip-lazy=\"1\" src=\"data:image\/svg+xml;base64,PHN2ZyB3aWR0aD0iMzIiIGhlaWdodD0iMzIiIHZpZXdCb3g9IjAgMCAzMiAzMiIgeG1sbnM9Imh0dHA6Ly93d3cudzMub3JnLzIwMDAvc3ZnIj4KICAgIDxwYXRoIGQ9Ik0xMS40MzMgMTUuOTkyTDIyLjY5IDUuNzEyYy4zOTMtLjM5LjM5My0xLjAzIDAtMS40Mi0uMzkzLS4zOS0xLjAzLS4zOS0xLjQyMyAwbC0xMS45OCAxMC45NGMtLjIxLjIxLS4zLjQ5LS4yODUuNzYtLjAxNS4yOC4wNzUuNTYuMjg0Ljc3bDExLjk4IDEwLjk0Yy4zOTMuMzkgMS4wMy4zOSAxLjQyNCAwIC4zOTMtLjQuMzkzLTEuMDMgMC0xLjQybC0xMS4yNTctMTAuMjkiCiAgICAgICAgICBmaWxsPSIjMDAwMDAwIiBvcGFjaXR5PSIxIiBmaWxsLXJ1bGU9ImV2ZW5vZGQiLz4KPC9zdmc+\" alt=\"previous arrow\"><\/div><\/div><div class=\"n2-ss-slider-controls n2-ss-slider-controls-absolute-right-center\"><div style=\"--widget-offset:15px;\" class=\"n2-ss-widget n2-style-6679a19c901d61fb802720533bbad114-heading nextend-arrow n2-ow-all nextend-arrow-next  nextend-arrow-animated-fade\" data-hide-mobileportrait=\"1\" id=\"n2-ss-4-arrow-next\" role=\"button\" aria-label=\"next arrow\" tabindex=\"0\"><img loading=\"lazy\" width=\"32\" height=\"32\" class=\"skip-lazy\" data-skip-lazy=\"1\" src=\"data:image\/svg+xml;base64,PHN2ZyB3aWR0aD0iMzIiIGhlaWdodD0iMzIiIHZpZXdCb3g9IjAgMCAzMiAzMiIgeG1sbnM9Imh0dHA6Ly93d3cudzMub3JnLzIwMDAvc3ZnIj4KICAgIDxwYXRoIGQ9Ik0xMC43MjIgNC4yOTNjLS4zOTQtLjM5LTEuMDMyLS4zOS0xLjQyNyAwLS4zOTMuMzktLjM5MyAxLjAzIDAgMS40MmwxMS4yODMgMTAuMjgtMTEuMjgzIDEwLjI5Yy0uMzkzLjM5LS4zOTMgMS4wMiAwIDEuNDIuMzk1LjM5IDEuMDMzLjM5IDEuNDI3IDBsMTIuMDA3LTEwLjk0Yy4yMS0uMjEuMy0uNDkuMjg0LS43Ny4wMTQtLjI3LS4wNzYtLjU1LS4yODYtLjc2TDEwLjcyIDQuMjkzeiIKICAgICAgICAgIGZpbGw9IiMwMDAwMDAiIG9wYWNpdHk9IjEiIGZpbGwtcnVsZT0iZXZlbm9kZCIvPgo8L3N2Zz4=\" alt=\"next arrow\"><\/div><\/div><div class=\"n2-ss-slider-controls n2-ss-slider-controls-absolute-center-bottom\"><div style=\"--widget-offset:20px;text-align: center;width:100%;\" class=\"n2-ss-widget nextend-bar nextend-bar-horizontal n2-ss-widget-hidden n2-ow-all\"><div class=\"n2-style-06e3280f15e669eae6bae3aaa137b525-simple \" style=\"display: inline-block;\"><span class=\"n2-font-bafbba5dc4acc370a5c04ad9c8b39078-simple \">&nbsp;<\/span><\/div><\/div><div style=\"--widget-offset:10px;\" class=\"n2-ss-widget n2-ss-control-bullet n2-ow-all n2-ss-control-bullet-horizontal\"><div class=\" nextend-bullet-bar n2-bar-justify-content-center\" role=\"group\" aria-label=\"Choose slide to display.\"><div class=\"n2-bullet n2-style-bcef68443b2682444059e693254dd628-dot \" style=\"visibility:hidden;\"><\/div><\/div><\/div><\/div><\/div><\/div><ss3-loader><\/ss3-loader><\/div><\/div><div class=\"n2_clear\"><\/div><\/div>\n\n\n<hr class=\"wp-block-separator is-style-wide\"\/>\n\n\n\n<p class=\"has-text-align-center\"><strong>Bienvenue dans vos magasins GS Optic<\/strong><\/p>\n\n\n\n<p>Dans un cadre chaleureux et convivial, vous trouverez&nbsp;de nombreuses marques de lunettes de vue, lunettes de soleil, lentilles de contact. Nos opticiens, tous professionnels de la vision, vous accueillent dans nos magasins&nbsp;par un service et un suivi personnalis\u00e9s. Vous pouvez ainsi choisir, selon vos besoins et vos envies, la solution visuelle qui correspond le mieux \u00e0 votre mode de vie.<\/p>\n\n\n\n<p><\/p>\n\n\n\n<p>Vous trouverez sur notre site <strong>GS Optic<\/strong> toutes les informations utiles sur nos boutiques, nos sp\u00e9cialit\u00e9s, une br\u00e8ve pr\u00e9sentation, nos coordonn\u00e9es incluant notre num\u00e9ro de t\u00e9l\u00e9phone, notre adresse compl\u00e8te, nos horaires d&rsquo;ouvertures ainsi que d&rsquo;autres informations pour vos recherches.<\/p>\n\n\n\n<p>Une liste de toutes les marques de montures, de verres, de lentilles et de produits lentilles est \u00e9galement affich\u00e9e dans la section d\u00e9di\u00e9e \u00e0 cet effet. Nous vous invitons donc \u00e0 naviguer sur notre site pour trouver la marque qui vous convient.<\/p>\n\n\n\n<p class=\"has-text-align-center\"><strong>A tr\u00e8s bient\u00f4t dans nos boutiques GS Optic.<\/strong><\/p>\n\n\n\n<hr class=\"wp-block-separator is-style-wide\"\/>\n","protected":false},"excerpt":{"rendered":"<p>Bienvenue dans vos magasins GS Optic Dans un cadre chaleureux et convivial, vous trouverez&nbsp;de nombreuses marques de lunettes de vue, lunettes de soleil, lentilles de contact. Nos opticiens, tous professionnels de la vision, vous accueillent dans nos magasins&nbsp;par un service et un suivi personnalis\u00e9s. Vous pouvez ainsi choisir, selon vos besoins et vos envies, la &hellip; <\/p>\n","protected":false},"author":2,"featured_media":0,"parent":0,"menu_order":0,"comment_status":"closed","ping_status":"closed","template":"","meta":[],"_links":{"self":[{"href":"https:\/\/gsoptic.fr\/index.php\/wp-json\/wp\/v2\/pages\/104"}],"collection":[{"href":"https:\/\/gsoptic.fr\/index.php\/wp-json\/wp\/v2\/pages"}],"about":[{"href":"https:\/\/gsoptic.fr\/index.php\/wp-json\/wp\/v2\/types\/page"}],"author":[{"embeddable":true,"href":"https:\/\/gsoptic.fr\/index.php\/wp-json\/wp\/v2\/users\/2"}],"replies":[{"embeddable":true,"href":"https:\/\/gsoptic.fr\/index.php\/wp-json\/wp\/v2\/comments?post=104"}],"version-history":[{"count":26,"href":"https:\/\/gsoptic.fr\/index.php\/wp-json\/wp\/v2\/pages\/104\/revisions"}],"predecessor-version":[{"id":507,"href":"https:\/\/gsoptic.fr\/index.php\/wp-json\/wp\/v2\/pages\/104\/revisions\/507"}],"wp:attachment":[{"href":"https:\/\/gsoptic.fr\/index.php\/wp-json\/wp\/v2\/media?parent=104"}],"curies":[{"name":"wp","href":"https:\/\/api.w.org\/{rel}","templated":true}]}}