{"id":43,"date":"2021-06-01T15:44:25","date_gmt":"2021-06-01T13:44:25","guid":{"rendered":"https:\/\/gsoptic.fr\/?page_id=43"},"modified":"2021-06-22T12:24:30","modified_gmt":"2021-06-22T10:24:30","slug":"lunettes-sur-mesure","status":"publish","type":"page","link":"https:\/\/gsoptic.fr\/index.php\/lunettes-sur-mesure\/","title":{"rendered":"Lunettes sur mesure"},"content":{"rendered":"\n<p class=\"has-text-align-center\">Il fut un temps, les cr\u00e9ateurs lunetiers Fran\u00e7ais revendiquaient fi\u00e8rement leur identit\u00e9 et originalit\u00e9. Ils d\u00e9clinaient les montures de lunettes dans un \u00e9ventail de tailles et couleurs afin de r\u00e9pondre aux besoins de tous.\u00a0<\/p>\n\n\n\n<p class=\"has-text-align-center\">Entrer dans l&rsquo;univers des lunettes sur mesure et profiter d&rsquo;une personnalisation compl\u00e8te <\/p>\n\n\n\n<div class=\"wp-block-buttons is-content-justification-center\">\n<div class=\"wp-block-button has-custom-width wp-block-button__width-50 is-style-outline\"><a class=\"wp-block-button__link has-black-color has-text-color has-background\" href=\"https:\/\/www.lunettes-sur-mesure.paris\/\" style=\"border-radius:12px;background:linear-gradient(135deg,rgb(255,255,255) 0%,rgb(255,255,255) 100%)\" target=\"_blank\" rel=\"noreferrer noopener\">D\u00e9couvrez nos mod\u00e8les sur mesure<\/a><\/div>\n<\/div>\n\n\n\n<p><\/p>\n","protected":false},"excerpt":{"rendered":"<p>Il fut un temps, les cr\u00e9ateurs lunetiers Fran\u00e7ais revendiquaient fi\u00e8rement leur identit\u00e9 et originalit\u00e9. Ils d\u00e9clinaient les montures de lunettes dans un \u00e9ventail de tailles et couleurs afin de r\u00e9pondre aux besoins de tous.\u00a0 Entrer dans l&rsquo;univers des lunettes sur mesure et profiter d&rsquo;une personnalisation compl\u00e8te<\/p>\n","protected":false},"author":2,"featured_media":0,"parent":0,"menu_order":0,"comment_status":"closed","ping_status":"closed","template":"","meta":[],"_links":{"self":[{"href":"https:\/\/gsoptic.fr\/index.php\/wp-json\/wp\/v2\/pages\/43"}],"collection":[{"href":"https:\/\/gsoptic.fr\/index.php\/wp-json\/wp\/v2\/pages"}],"about":[{"href":"https:\/\/gsoptic.fr\/index.php\/wp-json\/wp\/v2\/types\/page"}],"author":[{"embeddable":true,"href":"https:\/\/gsoptic.fr\/index.php\/wp-json\/wp\/v2\/users\/2"}],"replies":[{"embeddable":true,"href":"https:\/\/gsoptic.fr\/index.php\/wp-json\/wp\/v2\/comments?post=43"}],"version-history":[{"count":16,"href":"https:\/\/gsoptic.fr\/index.php\/wp-json\/wp\/v2\/pages\/43\/revisions"}],"predecessor-version":[{"id":487,"href":"https:\/\/gsoptic.fr\/index.php\/wp-json\/wp\/v2\/pages\/43\/revisions\/487"}],"wp:attachment":[{"href":"https:\/\/gsoptic.fr\/index.php\/wp-json\/wp\/v2\/media?parent=43"}],"curies":[{"name":"wp","href":"https:\/\/api.w.org\/{rel}","templated":true}]}}