{"id":46,"date":"2021-06-01T15:44:25","date_gmt":"2021-06-01T13:44:25","guid":{"rendered":"https:\/\/gsoptic.fr\/?page_id=46"},"modified":"2021-06-22T12:20:25","modified_gmt":"2021-06-22T10:20:25","slug":"lentilles","status":"publish","type":"page","link":"https:\/\/gsoptic.fr\/index.php\/lentilles\/","title":{"rendered":"Nos Lentilles"},"content":{"rendered":"\n<hr class=\"wp-block-separator is-style-wide\"\/>\n\n\n\n<p class=\"has-text-align-center\">En faisant appel \u00e0 votre opticien <strong>GS Optic<\/strong>, vous \u00eatre s\u00fbr de trouver un professionnel qui saura vous conseiller sur les diff\u00e9rentes gammes de lentilles de contact. Votre opticien&nbsp;&nbsp;vous proposera des lentilles souples ou rigides, des lentilles correctrices ou cosm\u00e9tiques.<\/p>\n\n\n\n<div class=\"wp-block-group\"><div class=\"wp-block-group__inner-container\">\n<figure class=\"wp-block-gallery columns-3 is-cropped\"><ul class=\"blocks-gallery-grid\"><li class=\"blocks-gallery-item\"><figure><img loading=\"lazy\" width=\"600\" height=\"600\" src=\"https:\/\/gsoptic.fr\/wp-content\/uploads\/2021\/06\/acuvue-1.jpg\" alt=\"\" data-id=\"431\" data-full-url=\"https:\/\/gsoptic.fr\/wp-content\/uploads\/2021\/06\/acuvue-1.jpg\" data-link=\"https:\/\/gsoptic.fr\/index.php\/lentilles\/acuvue-1\/\" class=\"wp-image-431\" srcset=\"https:\/\/gsoptic.fr\/wp-content\/uploads\/2021\/06\/acuvue-1.jpg 600w, https:\/\/gsoptic.fr\/wp-content\/uploads\/2021\/06\/acuvue-1-300x300.jpg 300w, https:\/\/gsoptic.fr\/wp-content\/uploads\/2021\/06\/acuvue-1-150x150.jpg 150w, https:\/\/gsoptic.fr\/wp-content\/uploads\/2021\/06\/acuvue-1-60x60.jpg 60w\" sizes=\"(max-width: 600px) 100vw, 600px\" \/><figcaption class=\"blocks-gallery-item__caption\"><strong>Acuvue<\/strong><\/figcaption><\/figure><\/li><li class=\"blocks-gallery-item\"><figure><img loading=\"lazy\" width=\"600\" height=\"600\" src=\"https:\/\/gsoptic.fr\/wp-content\/uploads\/2021\/06\/air-optix-aqua-logo.jpg\" alt=\"\" data-id=\"432\" data-full-url=\"https:\/\/gsoptic.fr\/wp-content\/uploads\/2021\/06\/air-optix-aqua-logo.jpg\" data-link=\"https:\/\/gsoptic.fr\/index.php\/lentilles\/air-optix-aqua-logo-2\/\" class=\"wp-image-432\" srcset=\"https:\/\/gsoptic.fr\/wp-content\/uploads\/2021\/06\/air-optix-aqua-logo.jpg 600w, https:\/\/gsoptic.fr\/wp-content\/uploads\/2021\/06\/air-optix-aqua-logo-300x300.jpg 300w, https:\/\/gsoptic.fr\/wp-content\/uploads\/2021\/06\/air-optix-aqua-logo-150x150.jpg 150w, https:\/\/gsoptic.fr\/wp-content\/uploads\/2021\/06\/air-optix-aqua-logo-60x60.jpg 60w\" sizes=\"(max-width: 600px) 100vw, 600px\" \/><figcaption class=\"blocks-gallery-item__caption\"><strong>Air Optix<\/strong><\/figcaption><\/figure><\/li><li class=\"blocks-gallery-item\"><figure><img loading=\"lazy\" width=\"400\" height=\"400\" src=\"https:\/\/gsoptic.fr\/wp-content\/uploads\/2021\/06\/biofinity.jpg\" alt=\"\" data-id=\"425\" data-full-url=\"https:\/\/gsoptic.fr\/wp-content\/uploads\/2021\/06\/biofinity.jpg\" data-link=\"https:\/\/gsoptic.fr\/index.php\/lentilles\/biofinity\/\" class=\"wp-image-425\" srcset=\"https:\/\/gsoptic.fr\/wp-content\/uploads\/2021\/06\/biofinity.jpg 400w, https:\/\/gsoptic.fr\/wp-content\/uploads\/2021\/06\/biofinity-300x300.jpg 300w, https:\/\/gsoptic.fr\/wp-content\/uploads\/2021\/06\/biofinity-150x150.jpg 150w, https:\/\/gsoptic.fr\/wp-content\/uploads\/2021\/06\/biofinity-60x60.jpg 60w\" sizes=\"(max-width: 400px) 100vw, 400px\" \/><figcaption class=\"blocks-gallery-item__caption\"><strong>Biofinity <\/strong><\/figcaption><\/figure><\/li><\/ul><\/figure>\n\n\n\n<figure class=\"wp-block-gallery columns-3 is-cropped\"><ul class=\"blocks-gallery-grid\"><li class=\"blocks-gallery-item\"><figure><img loading=\"lazy\" width=\"460\" height=\"460\" src=\"https:\/\/gsoptic.fr\/wp-content\/uploads\/2021\/06\/FRESHLOOK.jpg\" alt=\"\" data-id=\"427\" data-full-url=\"https:\/\/gsoptic.fr\/wp-content\/uploads\/2021\/06\/FRESHLOOK.jpg\" data-link=\"https:\/\/gsoptic.fr\/index.php\/lentilles\/freshlook\/\" class=\"wp-image-427\" srcset=\"https:\/\/gsoptic.fr\/wp-content\/uploads\/2021\/06\/FRESHLOOK.jpg 460w, https:\/\/gsoptic.fr\/wp-content\/uploads\/2021\/06\/FRESHLOOK-300x300.jpg 300w, https:\/\/gsoptic.fr\/wp-content\/uploads\/2021\/06\/FRESHLOOK-150x150.jpg 150w, https:\/\/gsoptic.fr\/wp-content\/uploads\/2021\/06\/FRESHLOOK-60x60.jpg 60w\" sizes=\"(max-width: 460px) 100vw, 460px\" \/><figcaption class=\"blocks-gallery-item__caption\"><strong>Freshlook<\/strong><\/figcaption><\/figure><\/li><li class=\"blocks-gallery-item\"><figure><img loading=\"lazy\" width=\"600\" height=\"600\" src=\"https:\/\/gsoptic.fr\/wp-content\/uploads\/2021\/06\/menicaire.jpg\" alt=\"\" data-id=\"469\" data-full-url=\"https:\/\/gsoptic.fr\/wp-content\/uploads\/2021\/06\/menicaire.jpg\" data-link=\"https:\/\/gsoptic.fr\/index.php\/lentilles\/menicaire\/\" class=\"wp-image-469\" srcset=\"https:\/\/gsoptic.fr\/wp-content\/uploads\/2021\/06\/menicaire.jpg 600w, https:\/\/gsoptic.fr\/wp-content\/uploads\/2021\/06\/menicaire-300x300.jpg 300w, https:\/\/gsoptic.fr\/wp-content\/uploads\/2021\/06\/menicaire-150x150.jpg 150w, https:\/\/gsoptic.fr\/wp-content\/uploads\/2021\/06\/menicaire-60x60.jpg 60w\" sizes=\"(max-width: 600px) 100vw, 600px\" \/><figcaption class=\"blocks-gallery-item__caption\"><strong>Menicaire<\/strong> Produit<\/figcaption><\/figure><\/li><li class=\"blocks-gallery-item\"><figure><img loading=\"lazy\" width=\"600\" height=\"600\" src=\"https:\/\/gsoptic.fr\/wp-content\/uploads\/2021\/06\/ophtalmic.jpg\" alt=\"\" data-id=\"430\" data-full-url=\"https:\/\/gsoptic.fr\/wp-content\/uploads\/2021\/06\/ophtalmic.jpg\" data-link=\"https:\/\/gsoptic.fr\/index.php\/lentilles\/ophtalmic\/\" class=\"wp-image-430\" srcset=\"https:\/\/gsoptic.fr\/wp-content\/uploads\/2021\/06\/ophtalmic.jpg 600w, https:\/\/gsoptic.fr\/wp-content\/uploads\/2021\/06\/ophtalmic-300x300.jpg 300w, https:\/\/gsoptic.fr\/wp-content\/uploads\/2021\/06\/ophtalmic-150x150.jpg 150w, https:\/\/gsoptic.fr\/wp-content\/uploads\/2021\/06\/ophtalmic-60x60.jpg 60w\" sizes=\"(max-width: 600px) 100vw, 600px\" \/><figcaption class=\"blocks-gallery-item__caption\"><strong>Ophtalmic<\/strong><\/figcaption><\/figure><\/li><\/ul><\/figure>\n\n\n\n<figure class=\"wp-block-gallery columns-3 is-cropped\"><ul class=\"blocks-gallery-grid\"><li class=\"blocks-gallery-item\"><figure><img loading=\"lazy\" width=\"600\" height=\"600\" src=\"https:\/\/gsoptic.fr\/wp-content\/uploads\/2021\/06\/optifree.jpg\" alt=\"\" data-id=\"434\" data-full-url=\"https:\/\/gsoptic.fr\/wp-content\/uploads\/2021\/06\/optifree.jpg\" data-link=\"https:\/\/gsoptic.fr\/index.php\/lentilles\/optifree\/\" class=\"wp-image-434\" srcset=\"https:\/\/gsoptic.fr\/wp-content\/uploads\/2021\/06\/optifree.jpg 600w, https:\/\/gsoptic.fr\/wp-content\/uploads\/2021\/06\/optifree-300x300.jpg 300w, https:\/\/gsoptic.fr\/wp-content\/uploads\/2021\/06\/optifree-150x150.jpg 150w, https:\/\/gsoptic.fr\/wp-content\/uploads\/2021\/06\/optifree-60x60.jpg 60w\" sizes=\"(max-width: 600px) 100vw, 600px\" \/><figcaption class=\"blocks-gallery-item__caption\"><strong>Opti Free<\/strong> Produit<\/figcaption><\/figure><\/li><li class=\"blocks-gallery-item\"><figure><img loading=\"lazy\" width=\"600\" height=\"600\" src=\"https:\/\/gsoptic.fr\/wp-content\/uploads\/2021\/06\/sofles.jpg\" alt=\"\" data-id=\"436\" data-full-url=\"https:\/\/gsoptic.fr\/wp-content\/uploads\/2021\/06\/sofles.jpg\" data-link=\"https:\/\/gsoptic.fr\/index.php\/lentilles\/sofles\/\" class=\"wp-image-436\" srcset=\"https:\/\/gsoptic.fr\/wp-content\/uploads\/2021\/06\/sofles.jpg 600w, https:\/\/gsoptic.fr\/wp-content\/uploads\/2021\/06\/sofles-300x300.jpg 300w, https:\/\/gsoptic.fr\/wp-content\/uploads\/2021\/06\/sofles-150x150.jpg 150w, https:\/\/gsoptic.fr\/wp-content\/uploads\/2021\/06\/sofles-60x60.jpg 60w\" sizes=\"(max-width: 600px) 100vw, 600px\" \/><figcaption class=\"blocks-gallery-item__caption\"><strong>SofLens <\/strong><\/figcaption><\/figure><\/li><li class=\"blocks-gallery-item\"><figure><img loading=\"lazy\" width=\"600\" height=\"600\" src=\"https:\/\/gsoptic.fr\/wp-content\/uploads\/2021\/06\/proclear.jpg\" alt=\"\" data-id=\"437\" data-full-url=\"https:\/\/gsoptic.fr\/wp-content\/uploads\/2021\/06\/proclear.jpg\" data-link=\"https:\/\/gsoptic.fr\/index.php\/lentilles\/proclear\/\" class=\"wp-image-437\" srcset=\"https:\/\/gsoptic.fr\/wp-content\/uploads\/2021\/06\/proclear.jpg 600w, https:\/\/gsoptic.fr\/wp-content\/uploads\/2021\/06\/proclear-300x300.jpg 300w, https:\/\/gsoptic.fr\/wp-content\/uploads\/2021\/06\/proclear-150x150.jpg 150w, https:\/\/gsoptic.fr\/wp-content\/uploads\/2021\/06\/proclear-60x60.jpg 60w\" sizes=\"(max-width: 600px) 100vw, 600px\" \/><figcaption class=\"blocks-gallery-item__caption\"><strong>Proclear<\/strong><\/figcaption><\/figure><\/li><\/ul><\/figure>\n<\/div><\/div>\n\n\n\n<div class=\"wp-block-group\"><div class=\"wp-block-group__inner-container\">\n<div class=\"wp-block-columns\">\n<div class=\"wp-block-column is-vertically-aligned-top\" style=\"flex-basis:100%\">\n<div class=\"wp-block-group\"><div class=\"wp-block-group__inner-container\">\n<hr class=\"wp-block-separator is-style-wide\"\/>\n<\/div><\/div>\n<\/div>\n<\/div>\n<\/div><\/div>\n","protected":false},"excerpt":{"rendered":"<p>En faisant appel \u00e0 votre opticien GS Optic, vous \u00eatre s\u00fbr de trouver un professionnel qui saura vous conseiller sur les diff\u00e9rentes gammes de lentilles de contact. Votre opticien&nbsp;&nbsp;vous proposera des lentilles souples ou rigides, des lentilles correctrices ou cosm\u00e9tiques.<\/p>\n","protected":false},"author":2,"featured_media":0,"parent":0,"menu_order":0,"comment_status":"closed","ping_status":"closed","template":"","meta":[],"_links":{"self":[{"href":"https:\/\/gsoptic.fr\/index.php\/wp-json\/wp\/v2\/pages\/46"}],"collection":[{"href":"https:\/\/gsoptic.fr\/index.php\/wp-json\/wp\/v2\/pages"}],"about":[{"href":"https:\/\/gsoptic.fr\/index.php\/wp-json\/wp\/v2\/types\/page"}],"author":[{"embeddable":true,"href":"https:\/\/gsoptic.fr\/index.php\/wp-json\/wp\/v2\/users\/2"}],"replies":[{"embeddable":true,"href":"https:\/\/gsoptic.fr\/index.php\/wp-json\/wp\/v2\/comments?post=46"}],"version-history":[{"count":23,"href":"https:\/\/gsoptic.fr\/index.php\/wp-json\/wp\/v2\/pages\/46\/revisions"}],"predecessor-version":[{"id":485,"href":"https:\/\/gsoptic.fr\/index.php\/wp-json\/wp\/v2\/pages\/46\/revisions\/485"}],"wp:attachment":[{"href":"https:\/\/gsoptic.fr\/index.php\/wp-json\/wp\/v2\/media?parent=46"}],"curies":[{"name":"wp","href":"https:\/\/api.w.org\/{rel}","templated":true}]}}